{"id":70,"date":"2022-05-21T14:45:36","date_gmt":"2022-05-21T14:45:36","guid":{"rendered":"https:\/\/kritischer-kalender.de\/?page_id=70"},"modified":"2024-05-15T10:19:07","modified_gmt":"2024-05-15T08:19:07","slug":"kritischer-kalender","status":"publish","type":"page","link":"https:\/\/kritischer-kalender.de\/en\/kritischer-kalender\/","title":{"rendered":"Critical Calendar"},"content":{"rendered":"<h1 class=\"wp-block-heading has-text-align-center\" style=\"font-style:normal;font-weight:700\">Critical Calendar<\/h1>\n\n\n\n<p class=\"has-text-align-center\" style=\"font-size:16px\">In the critical calendar you will find a new theme with different texts for the critical examination of masculinity(s) every month.<br><a href=\"https:\/\/kritischer-kalender.de\/en\/uncategorized\/erklaerungstext\/\" class=\"ek-link\">Read more...<\/a><\/p>\n\n\n\n<hr class=\"wp-block-separator has-css-opacity\"\/>\n\n\n\n<div class=\"wp-block-columns is-layout-flex wp-container-core-columns-is-layout-28f84493 wp-block-columns-is-layout-flex\">\n<div class=\"wp-block-column is-layout-flow wp-block-column-is-layout-flow\">\n<div class=\"wp-block-cover is-style-editorskit-rounded ek-linked-block ek-linked-block-animate\" style=\"min-height:250px;aspect-ratio:unset;\"><span aria-hidden=\"true\" class=\"wp-block-cover__background has-vivid-purple-background-color has-background-dim\"><\/span><img loading=\"lazy\" decoding=\"async\" width=\"568\" height=\"320\" class=\"wp-block-cover__image-background wp-image-823\" alt=\"\" src=\"https:\/\/kritischer-kalender.de\/wp-content\/uploads\/2024\/05\/schneewittchenhexe.png\" style=\"object-position:52% 39%\" data-object-fit=\"cover\" data-object-position=\"52% 39%\" srcset=\"https:\/\/kritischer-kalender.de\/wp-content\/uploads\/2024\/05\/schneewittchenhexe.png 568w, https:\/\/kritischer-kalender.de\/wp-content\/uploads\/2024\/05\/schneewittchenhexe-300x169.png 300w, https:\/\/kritischer-kalender.de\/wp-content\/uploads\/2024\/05\/schneewittchenhexe-18x10.png 18w\" sizes=\"auto, (max-width: 568px) 100vw, 568px\" \/><div class=\"wp-block-cover__inner-container is-layout-flow wp-block-cover-is-layout-flow\">\n<p class=\"has-text-align-center has-ast-global-color-5-color has-text-color\" style=\"font-size:34px\"><a href=\"https:\/\/kritischer-kalender.de\/en\/category\/misogynie\/\" data-type=\"category\" data-id=\"201\"><span style=\"text-decoration: underline;\">Masculinity and Perpetration:<br><\/span><br><span style=\"text-decoration: underline;\">Misogyny<\/span><\/a><\/p>\n<\/div><\/div>\n\n\n\n<div class=\"su-spoiler su-spoiler-style-default su-spoiler-icon-plus su-spoiler-closed\" data-scroll-offset=\"0\" data-anchor-in-url=\"no\"><div class=\"su-spoiler-title\" tabindex=\"0\" role=\"button\"><span class=\"su-spoiler-icon\"><\/span>What is it about?<\/div><div class=\"su-spoiler-content su-u-clearfix su-u-trim\"> In order to understand the connections between masculinity and perpetration we need to start with a basic building block of patriarchal power and male socialisation: Misogyny. Many 'feminist' and 'critical' men do not deal enough with (their own) devaluation and aggression towards women - and certainly do not take action against it. In order to build up an understanding of the structures of male perpetration and ultimately develop strategies to combat them, let's start with the basics: misogyny.<\/div><\/div>\n<\/div>\n<\/div>\n\n\n\n<hr class=\"wp-block-separator has-css-opacity\"\/>\n\n\n\n<div style=\"height:30px\" aria-hidden=\"true\" class=\"wp-block-spacer\"><\/div>\n\n\n\n<div class=\"wp-block-columns is-layout-flex wp-container-core-columns-is-layout-28f84493 wp-block-columns-is-layout-flex\">\n<div class=\"wp-block-column is-layout-flow wp-block-column-is-layout-flow\">\n<div class=\"wp-block-cover is-style-editorskit-rounded ek-linked-block ek-linked-block-animate has-small-font-size\" style=\"min-height:250px;aspect-ratio:unset;\"><span aria-hidden=\"true\" class=\"wp-block-cover__background has-luminous-vivid-amber-background-color has-background-dim-10 has-background-dim\"><\/span><img loading=\"lazy\" decoding=\"async\" width=\"1920\" height=\"1280\" class=\"wp-block-cover__image-background wp-image-705\" alt=\"\" src=\"https:\/\/kritischer-kalender.de\/wp-content\/uploads\/2022\/12\/Altes_Buch.jpg\" data-object-fit=\"cover\" srcset=\"https:\/\/kritischer-kalender.de\/wp-content\/uploads\/2022\/12\/Altes_Buch.jpg 1920w, https:\/\/kritischer-kalender.de\/wp-content\/uploads\/2022\/12\/Altes_Buch-300x200.jpg 300w, https:\/\/kritischer-kalender.de\/wp-content\/uploads\/2022\/12\/Altes_Buch-1024x683.jpg 1024w, https:\/\/kritischer-kalender.de\/wp-content\/uploads\/2022\/12\/Altes_Buch-768x512.jpg 768w, https:\/\/kritischer-kalender.de\/wp-content\/uploads\/2022\/12\/Altes_Buch-1536x1024.jpg 1536w, https:\/\/kritischer-kalender.de\/wp-content\/uploads\/2022\/12\/Altes_Buch-18x12.jpg 18w\" sizes=\"auto, (max-width: 1920px) 100vw, 1920px\" \/><div class=\"wp-block-cover__inner-container is-layout-flow wp-block-cover-is-layout-flow\">\n<p class=\"has-text-align-center has-ast-global-color-5-color has-text-color\" style=\"font-size:34px\"><a href=\"https:\/\/kritischer-kalender.de\/en\/category\/dezember\/\" data-type=\"category\" data-id=\"28\">December 2022:<br><br>Hegemoniale <br>M\u00e4nnlichkeit<\/a><\/p>\n<\/div><\/div>\n\n\n\n<div class=\"su-spoiler su-spoiler-style-default su-spoiler-icon-plus su-spoiler-closed\" data-scroll-offset=\"0\" data-anchor-in-url=\"no\"><div class=\"su-spoiler-title\" tabindex=\"0\" role=\"button\"><span class=\"su-spoiler-icon\"><\/span>What is it about?<\/div><div class=\"su-spoiler-content su-u-clearfix su-u-trim\"> Wie kann M\u00e4nnlichkeit analysiert werden? Wie verhalten sich M\u00e4nnergruppen untereinander und was hat das f\u00fcr Auswirkungen? Welche Gruppen von M\u00e4nnern haben welche Macht? Und was hat M\u00e4nnlichkeit mit Rassismus, Klassismus oder Homofeindlichkeit zu tun?&nbsp;In diesem Monat geht es um eine der zentralen Konzepte, um sich diesen Fragen zu n\u00e4hern: Hegemoniale M\u00e4nnlichkeit.<\/div><\/div>\n<\/div>\n\n\n\n<div class=\"wp-block-column is-layout-flow wp-block-column-is-layout-flow\">\n<div class=\"wp-block-cover is-light is-style-editorskit-rounded ek-linked-block ek-linked-block-animate has-small-font-size\" style=\"min-height:250px;aspect-ratio:unset;\"><span aria-hidden=\"true\" class=\"wp-block-cover__background has-luminous-vivid-amber-background-color has-background-dim-20 has-background-dim\"><\/span><img loading=\"lazy\" decoding=\"async\" width=\"1920\" height=\"1280\" class=\"wp-block-cover__image-background wp-image-658\" alt=\"\" src=\"https:\/\/kritischer-kalender.de\/wp-content\/uploads\/2022\/10\/November_bett_logo.jpg\" data-object-fit=\"cover\" srcset=\"https:\/\/kritischer-kalender.de\/wp-content\/uploads\/2022\/10\/November_bett_logo.jpg 1920w, https:\/\/kritischer-kalender.de\/wp-content\/uploads\/2022\/10\/November_bett_logo-300x200.jpg 300w, https:\/\/kritischer-kalender.de\/wp-content\/uploads\/2022\/10\/November_bett_logo-1024x683.jpg 1024w, https:\/\/kritischer-kalender.de\/wp-content\/uploads\/2022\/10\/November_bett_logo-768x512.jpg 768w, https:\/\/kritischer-kalender.de\/wp-content\/uploads\/2022\/10\/November_bett_logo-1536x1024.jpg 1536w, https:\/\/kritischer-kalender.de\/wp-content\/uploads\/2022\/10\/November_bett_logo-18x12.jpg 18w\" sizes=\"auto, (max-width: 1920px) 100vw, 1920px\" \/><div class=\"wp-block-cover__inner-container is-layout-flow wp-block-cover-is-layout-flow\">\n<p class=\"has-text-align-center has-ast-global-color-5-color has-text-color\" style=\"font-size:34px\"><a href=\"https:\/\/kritischer-kalender.de\/en\/category\/november\/\" data-type=\"category\" data-id=\"27\">November 2022:<br><br>Konsens Part 1<\/a><\/p>\n<\/div><\/div>\n\n\n\n<div class=\"su-spoiler su-spoiler-style-default su-spoiler-icon-plus su-spoiler-closed\" data-scroll-offset=\"0\" data-anchor-in-url=\"no\"><div class=\"su-spoiler-title\" tabindex=\"0\" role=\"button\"><span class=\"su-spoiler-icon\"><\/span>What is it about?<\/div><div class=\"su-spoiler-content su-u-clearfix su-u-trim\"> What actually is (sexual) consent? Why is it important to talk about physical intimacy? What social images are we given of sex and consent? And how exactly do I actually talk about it? These and other questions will be addressed in November. <\/div><\/div>\n<\/div>\n<\/div>\n\n\n\n<div class=\"wp-block-columns is-layout-flex wp-container-core-columns-is-layout-28f84493 wp-block-columns-is-layout-flex\">\n<div class=\"wp-block-column is-layout-flow wp-block-column-is-layout-flow\">\n<div class=\"wp-block-cover is-light is-style-editorskit-rounded ek-linked-block ek-linked-block-animate has-small-font-size\" style=\"min-height:250px;aspect-ratio:unset;\"><span aria-hidden=\"true\" class=\"wp-block-cover__background has-pale-cyan-blue-background-color has-background-dim-40 has-background-dim\"><\/span><img loading=\"lazy\" decoding=\"async\" width=\"970\" height=\"647\" class=\"wp-block-cover__image-background wp-image-623\" alt=\"\" src=\"https:\/\/kritischer-kalender.de\/wp-content\/uploads\/2022\/10\/m_People_Communicating_-_Speech_Bubbles.jpg\" style=\"object-position:49% 72%\" data-object-fit=\"cover\" data-object-position=\"49% 72%\" srcset=\"https:\/\/kritischer-kalender.de\/wp-content\/uploads\/2022\/10\/m_People_Communicating_-_Speech_Bubbles.jpg 970w, https:\/\/kritischer-kalender.de\/wp-content\/uploads\/2022\/10\/m_People_Communicating_-_Speech_Bubbles-300x200.jpg 300w, https:\/\/kritischer-kalender.de\/wp-content\/uploads\/2022\/10\/m_People_Communicating_-_Speech_Bubbles-768x512.jpg 768w, https:\/\/kritischer-kalender.de\/wp-content\/uploads\/2022\/10\/m_People_Communicating_-_Speech_Bubbles-18x12.jpg 18w\" sizes=\"auto, (max-width: 970px) 100vw, 970px\" \/><div class=\"wp-block-cover__inner-container is-layout-flow wp-block-cover-is-layout-flow\">\n<p class=\"has-text-align-center has-ast-global-color-5-color has-text-color\" style=\"font-size:34px\"><a href=\"https:\/\/kritischer-kalender.de\/en\/category\/oktober\/\" data-type=\"category\" data-id=\"26\">October 2022:<br><br>Feedback<\/a><\/p>\n<\/div><\/div>\n\n\n\n<div class=\"su-spoiler su-spoiler-style-default su-spoiler-icon-plus su-spoiler-closed\" data-scroll-offset=\"0\" data-anchor-in-url=\"no\"><div class=\"su-spoiler-title\" tabindex=\"0\" role=\"button\"><span class=\"su-spoiler-icon\"><\/span>What is it about?<\/div><div class=\"su-spoiler-content su-u-clearfix su-u-trim\"> We want to use October to gather feedback and refer to texts from December that we want to encourage you to read again.<\/div><\/div>\n<\/div>\n\n\n\n<div class=\"wp-block-column is-layout-flow wp-block-column-is-layout-flow\">\n<div class=\"wp-block-cover is-style-editorskit-rounded ek-linked-block ek-linked-block-animate has-small-font-size\" style=\"min-height:250px;aspect-ratio:unset;\"><span aria-hidden=\"true\" class=\"wp-block-cover__background has-luminous-vivid-orange-background-color has-background-dim-20 has-background-dim\"><\/span><img loading=\"lazy\" decoding=\"async\" width=\"1920\" height=\"1280\" class=\"wp-block-cover__image-background wp-image-597\" alt=\"\" src=\"https:\/\/kritischer-kalender.de\/wp-content\/uploads\/2022\/09\/pexels-brotin-biswas-518543.jpg\" style=\"object-position:30% 44%\" data-object-fit=\"cover\" data-object-position=\"30% 44%\" srcset=\"https:\/\/kritischer-kalender.de\/wp-content\/uploads\/2022\/09\/pexels-brotin-biswas-518543.jpg 1920w, https:\/\/kritischer-kalender.de\/wp-content\/uploads\/2022\/09\/pexels-brotin-biswas-518543-300x200.jpg 300w, https:\/\/kritischer-kalender.de\/wp-content\/uploads\/2022\/09\/pexels-brotin-biswas-518543-1024x683.jpg 1024w, https:\/\/kritischer-kalender.de\/wp-content\/uploads\/2022\/09\/pexels-brotin-biswas-518543-768x512.jpg 768w, https:\/\/kritischer-kalender.de\/wp-content\/uploads\/2022\/09\/pexels-brotin-biswas-518543-1536x1024.jpg 1536w, https:\/\/kritischer-kalender.de\/wp-content\/uploads\/2022\/09\/pexels-brotin-biswas-518543-18x12.jpg 18w\" sizes=\"auto, (max-width: 1920px) 100vw, 1920px\" \/><div class=\"wp-block-cover__inner-container is-layout-flow wp-block-cover-is-layout-flow\">\n<p class=\"has-text-align-center has-ast-global-color-5-color has-text-color\" style=\"font-size:34px\"><a href=\"https:\/\/kritischer-kalender.de\/en\/category\/september\/\" data-type=\"category\" data-id=\"9\">September 2022:<br><br>Sources on feminism<\/a><\/p>\n<\/div><\/div>\n\n\n\n<div class=\"su-spoiler su-spoiler-style-default su-spoiler-icon-plus su-spoiler-closed\" data-scroll-offset=\"0\" data-anchor-in-url=\"no\"><div class=\"su-spoiler-title\" tabindex=\"0\" role=\"button\"><span class=\"su-spoiler-icon\"><\/span>What is it about?<\/div><div class=\"su-spoiler-content su-u-clearfix su-u-trim\"> Im September stellen wir Quellen zu Feminismus in verschiedenen Formaten vor.<\/div><\/div>\n<\/div>\n<\/div>\n\n\n\n<div class=\"wp-block-columns is-layout-flex wp-container-core-columns-is-layout-28f84493 wp-block-columns-is-layout-flex\">\n<div class=\"wp-block-column is-layout-flow wp-block-column-is-layout-flow\">\n<div class=\"wp-block-cover is-style-editorskit-rounded ek-linked-block ek-linked-block-animate has-small-font-size\" style=\"min-height:250px;aspect-ratio:unset;\"><span aria-hidden=\"true\" class=\"wp-block-cover__background has-background-dim-60 has-background-dim\" style=\"background-color:#8a57d0\"><\/span><img loading=\"lazy\" decoding=\"async\" width=\"736\" height=\"573\" class=\"wp-block-cover__image-background wp-image-517\" alt=\"\" src=\"https:\/\/kritischer-kalender.de\/wp-content\/uploads\/2022\/07\/photo_2022-07-30_21-20-21.jpg\" style=\"object-position:58% 18%\" data-object-fit=\"cover\" data-object-position=\"58% 18%\" srcset=\"https:\/\/kritischer-kalender.de\/wp-content\/uploads\/2022\/07\/photo_2022-07-30_21-20-21.jpg 736w, https:\/\/kritischer-kalender.de\/wp-content\/uploads\/2022\/07\/photo_2022-07-30_21-20-21-300x234.jpg 300w, https:\/\/kritischer-kalender.de\/wp-content\/uploads\/2022\/07\/photo_2022-07-30_21-20-21-15x12.jpg 15w\" sizes=\"auto, (max-width: 736px) 100vw, 736px\" \/><div class=\"wp-block-cover__inner-container is-layout-flow wp-block-cover-is-layout-flow\">\n<p class=\"has-text-align-center has-ast-global-color-5-color has-text-color\" style=\"font-size:34px\"><a href=\"https:\/\/kritischer-kalender.de\/en\/category\/august\/\" data-type=\"category\" data-id=\"8\">August 2022:<br><br>Men and <br>Feminism<\/a><\/p>\n<\/div><\/div>\n\n\n\n<div class=\"su-spoiler su-spoiler-style-default su-spoiler-icon-plus su-spoiler-closed\" data-scroll-offset=\"0\" data-anchor-in-url=\"no\"><div class=\"su-spoiler-title\" tabindex=\"0\" role=\"button\"><span class=\"su-spoiler-icon\"><\/span>What is it about?<\/div><div class=\"su-spoiler-content su-u-clearfix su-u-trim\"> What does it actually mean to be critically engaged with masculinity &amp; how to be a \"critical\" man? Why do cis men actually do feminism? And should they have an opinion now or shut up? These and other questions will be addressed in August.<\/div><\/div>\n<\/div>\n\n\n\n<div class=\"wp-block-column is-layout-flow wp-block-column-is-layout-flow\">\n<div class=\"wp-block-cover is-style-editorskit-rounded ek-linked-block ek-linked-block-animate has-small-font-size\" style=\"min-height:250px;aspect-ratio:unset;\"><span aria-hidden=\"true\" class=\"wp-block-cover__background has-background-dim-100 has-background-dim\" style=\"background-color:#002f41\"><\/span><div class=\"wp-block-cover__inner-container is-layout-flow wp-block-cover-is-layout-flow\">\n<p class=\"has-text-align-center has-ast-global-color-5-color has-text-color\" style=\"font-size:34px\"><a href=\"https:\/\/kritischer-kalender.de\/en\/category\/juli\/\" data-type=\"category\" data-id=\"7\">July 2022:<br><br>Sexualized<br>Violence<\/a><\/p>\n<\/div><\/div>\n\n\n\n<div class=\"su-spoiler su-spoiler-style-default su-spoiler-icon-plus su-spoiler-closed\" data-scroll-offset=\"0\" data-anchor-in-url=\"no\"><div class=\"su-spoiler-title\" tabindex=\"0\" role=\"button\"><span class=\"su-spoiler-icon\"><\/span>What is it about?<\/div><div class=\"su-spoiler-content su-u-clearfix su-u-trim\"> Why is it so important to talk about sexualized violence and what is society's view of it? What help is available and how do I act when someone tells me about experiences of violence? July will provide an introduction to the topic of sexualized violence.<\/div><\/div>\n<\/div>\n<\/div>\n\n\n\n<div class=\"wp-block-columns is-layout-flex wp-container-core-columns-is-layout-28f84493 wp-block-columns-is-layout-flex\">\n<div class=\"wp-block-column is-layout-flow wp-block-column-is-layout-flow\">\n<div class=\"wp-block-cover is-light is-style-editorskit-rounded ek-linked-block ek-linked-block-animate\" style=\"min-height:250px;aspect-ratio:unset;\"><span aria-hidden=\"true\" class=\"wp-block-cover__background has-background-dim\" style=\"background-color:#8d7064\"><\/span><img loading=\"lazy\" decoding=\"async\" width=\"980\" height=\"653\" class=\"wp-block-cover__image-background wp-image-109\" alt=\"\" src=\"https:\/\/kritischer-kalender.de\/wp-content\/uploads\/2022\/05\/freunde-5.png\" style=\"object-position:60% 51%\" data-object-fit=\"cover\" data-object-position=\"60% 51%\" srcset=\"https:\/\/kritischer-kalender.de\/wp-content\/uploads\/2022\/05\/freunde-5.png 980w, https:\/\/kritischer-kalender.de\/wp-content\/uploads\/2022\/05\/freunde-5-300x200.png 300w, https:\/\/kritischer-kalender.de\/wp-content\/uploads\/2022\/05\/freunde-5-768x512.png 768w\" sizes=\"auto, (max-width: 980px) 100vw, 980px\" \/><div class=\"wp-block-cover__inner-container is-layout-flow wp-block-cover-is-layout-flow\">\n<p class=\"has-text-align-center has-ast-global-color-5-color has-text-color\" style=\"font-size:34px\"><a href=\"https:\/\/kritischer-kalender.de\/en\/category\/juni\/\" data-type=\"category\" data-id=\"5\">June 2022:<br><br>Male<br>Friendschip<\/a><\/p>\n<\/div><\/div>\n\n\n\n<div class=\"su-spoiler su-spoiler-style-default su-spoiler-icon-plus su-spoiler-closed\" data-scroll-offset=\"0\" data-anchor-in-url=\"no\"><div class=\"su-spoiler-title\" tabindex=\"0\" role=\"button\"><span class=\"su-spoiler-icon\"><\/span>What is it about?<\/div><div class=\"su-spoiler-content su-u-clearfix su-u-trim\"> Why do cis men feel comfortable or uncomfortable with other men? What does this have to do with competition and sexism? With whom do cis men talk about their feelings and why is this related to patriarchy? Our texts in June on the topic of male friendships revolve around these and other questions.<\/div><\/div>\n<\/div>\n<\/div>\n\n\n\n<div class=\"wp-block-columns is-layout-flex wp-container-core-columns-is-layout-28f84493 wp-block-columns-is-layout-flex\">\n<div class=\"wp-block-column is-layout-flow wp-block-column-is-layout-flow\"><\/div>\n<\/div>","protected":false},"excerpt":{"rendered":"<p>Kritischer Kalender Im kritischen Kalender findet ihr jeden Monat ein neues Thema mit verschiedenen Texten zur kritischen Auseinandersetzung mit M\u00e4nnlichkeit(en).Mehr dazu hier<\/p>","protected":false},"author":1,"featured_media":0,"parent":0,"menu_order":0,"comment_status":"closed","ping_status":"closed","template":"","meta":{"site-sidebar-layout":"default","site-content-layout":"","ast-site-content-layout":"default","site-content-style":"default","site-sidebar-style":"default","ast-global-header-display":"","ast-banner-title-visibility":"","ast-main-header-display":"","ast-hfb-above-header-display":"","ast-hfb-below-header-display":"","ast-hfb-mobile-header-display":"","site-post-title":"disabled","ast-breadcrumbs-content":"","ast-featured-img":"","footer-sml-layout":"","theme-transparent-header-meta":"","adv-header-id-meta":"","stick-header-meta":"","header-above-stick-meta":"","header-main-stick-meta":"","header-below-stick-meta":"","astra-migrate-meta-layouts":"set","ast-page-background-enabled":"default","ast-page-background-meta":{"desktop":{"background-color":"var(--ast-global-color-4)","background-image":"","background-repeat":"repeat","background-position":"center center","background-size":"auto","background-attachment":"scroll","background-type":"","background-media":"","overlay-type":"","overlay-color":"","overlay-gradient":""},"tablet":{"background-color":"","background-image":"","background-repeat":"repeat","background-position":"center center","background-size":"auto","background-attachment":"scroll","background-type":"","background-media":"","overlay-type":"","overlay-color":"","overlay-gradient":""},"mobile":{"background-color":"","background-image":"","background-repeat":"repeat","background-position":"center center","background-size":"auto","background-attachment":"scroll","background-type":"","background-media":"","overlay-type":"","overlay-color":"","overlay-gradient":""}},"ast-content-background-meta":{"desktop":{"background-color":"var(--ast-global-color-5)","background-image":"","background-repeat":"repeat","background-position":"center center","background-size":"auto","background-attachment":"scroll","background-type":"","background-media":"","overlay-type":"","overlay-color":"","overlay-gradient":""},"tablet":{"background-color":"var(--ast-global-color-5)","background-image":"","background-repeat":"repeat","background-position":"center center","background-size":"auto","background-attachment":"scroll","background-type":"","background-media":"","overlay-type":"","overlay-color":"","overlay-gradient":""},"mobile":{"background-color":"var(--ast-global-color-5)","background-image":"","background-repeat":"repeat","background-position":"center center","background-size":"auto","background-attachment":"scroll","background-type":"","background-media":"","overlay-type":"","overlay-color":"","overlay-gradient":""}},"_kadence_starter_templates_imported_post":false,"footnotes":""},"class_list":["post-70","page","type-page","status-publish","hentry"],"_links":{"self":[{"href":"https:\/\/kritischer-kalender.de\/en\/wp-json\/wp\/v2\/pages\/70","targetHints":{"allow":["GET"]}}],"collection":[{"href":"https:\/\/kritischer-kalender.de\/en\/wp-json\/wp\/v2\/pages"}],"about":[{"href":"https:\/\/kritischer-kalender.de\/en\/wp-json\/wp\/v2\/types\/page"}],"author":[{"embeddable":true,"href":"https:\/\/kritischer-kalender.de\/en\/wp-json\/wp\/v2\/users\/1"}],"replies":[{"embeddable":true,"href":"https:\/\/kritischer-kalender.de\/en\/wp-json\/wp\/v2\/comments?post=70"}],"version-history":[{"count":52,"href":"https:\/\/kritischer-kalender.de\/en\/wp-json\/wp\/v2\/pages\/70\/revisions"}],"predecessor-version":[{"id":838,"href":"https:\/\/kritischer-kalender.de\/en\/wp-json\/wp\/v2\/pages\/70\/revisions\/838"}],"wp:attachment":[{"href":"https:\/\/kritischer-kalender.de\/en\/wp-json\/wp\/v2\/media?parent=70"}],"curies":[{"name":"wp","href":"https:\/\/api.w.org\/{rel}","templated":true}]}}