{"id":798,"date":"2024-05-02T10:11:17","date_gmt":"2024-05-02T08:11:17","guid":{"rendered":"https:\/\/kritischer-kalender.de\/?page_id=798"},"modified":"2024-05-02T10:21:48","modified_gmt":"2024-05-02T08:21:48","slug":"lust-mitzumachen","status":"publish","type":"page","link":"https:\/\/kritischer-kalender.de\/en\/kontakt\/lust-mitzumachen\/","title":{"rendered":"Want to join us?"},"content":{"rendered":"<p>The calendar team is looking for new team members!<\/p>\n\n\n\n<p>You don't just want to read along, but would also like to help shape the content of the calendar? Would you like to join us in writing texts, discussing theory and exchanging experiences while tackling sexual violence and machismo? Perfect, because we are currently looking for reinforcements for our little team!<\/p>\n\n\n\n<p>At the moment, the work we put into the calendar is done on a voluntary \/ self-exploitative basis. As there are currently only three of us, it has become more of a challenge to fulfil our self-set requirements by researching and discussing, writing and revising texts, translating and formatting, responding to enquiries and feedback and maintaining the website, in addition to education and paid work. What's more, in such a small group, our perspectives on the topics and texts are inevitably very limited. And while we all have different positions within the patriarchy, we all currently come from middle-class, <em>white<\/em> and academic households. Also, none of us have experience of ableism and fatphobia. We try to live up to a high intersectional standard and include these perspectives, but we are aware that this only works to a limited extent.<\/p>\n\n\n\n<p>We currently work in German. We mainly work online, as we live all over Germany, and meet irregularly every few months for a weekend in person. In principle, we are open to rethinking this concept.<\/p>\n\n\n\n<p>In principle, we want to pay for the educational work of those affected. Unfortunately, previous attempts to apply for public funding have failed. With the current shift to the right, it is becoming increasingly difficult to get funding for emancipatory projects and even established projects are affected by massive cuts. That sucks, but quitting is not an option for us. We don't want to make this work dependent on public funding. However, with a little more capacity, we are definitely open to considering other funding options (e.g. appeals for donations).<\/p>\n\n\n\n<p>If this sounds interesting to you, just drop us an email to <a href=\"mailto:kritischer_kalender@riseup.org\">kritischer_kalender@riseup.net<\/a>We particularly welcome perspectives that are not hetero endo-cis-male.<\/p>","protected":false},"excerpt":{"rendered":"<p>Das Kalender-Team sucht Verst\u00e4rkung! Du hast Lust nicht nur mitzulesen, sondern m\u00f6chtest die Inhalte im Kalender auch mitgestalten? Du hast Lust, mit uns zusammen Texte zu schreiben, \u00fcber Theorie zu diskutieren und sich \u00fcber Erfahrungen auszutauschen und dabei T\u00e4terschaft und Mackertum anzugreifen? Perfekt, denn wir suchen gerade nach Verst\u00e4rkung f\u00fcr unser kleines Team! Zur Zeit [&hellip;]<\/p>","protected":false},"author":1,"featured_media":0,"parent":8,"menu_order":0,"comment_status":"closed","ping_status":"closed","template":"","meta":{"site-sidebar-layout":"default","site-content-layout":"","ast-site-content-layout":"default","site-content-style":"default","site-sidebar-style":"default","ast-global-header-display":"","ast-banner-title-visibility":"","ast-main-header-display":"","ast-hfb-above-header-display":"","ast-hfb-below-header-display":"","ast-hfb-mobile-header-display":"","site-post-title":"","ast-breadcrumbs-content":"","ast-featured-img":"","footer-sml-layout":"","theme-transparent-header-meta":"","adv-header-id-meta":"","stick-header-meta":"","header-above-stick-meta":"","header-main-stick-meta":"","header-below-stick-meta":"","astra-migrate-meta-layouts":"set","ast-page-background-enabled":"default","ast-page-background-meta":{"desktop":{"background-color":"var(--ast-global-color-4)","background-image":"","background-repeat":"repeat","background-position":"center center","background-size":"auto","background-attachment":"scroll","background-type":"","background-media":"","overlay-type":"","overlay-color":"","overlay-gradient":""},"tablet":{"background-color":"","background-image":"","background-repeat":"repeat","background-position":"center center","background-size":"auto","background-attachment":"scroll","background-type":"","background-media":"","overlay-type":"","overlay-color":"","overlay-gradient":""},"mobile":{"background-color":"","background-image":"","background-repeat":"repeat","background-position":"center center","background-size":"auto","background-attachment":"scroll","background-type":"","background-media":"","overlay-type":"","overlay-color":"","overlay-gradient":""}},"ast-content-background-meta":{"desktop":{"background-color":"var(--ast-global-color-5)","background-image":"","background-repeat":"repeat","background-position":"center center","background-size":"auto","background-attachment":"scroll","background-type":"","background-media":"","overlay-type":"","overlay-color":"","overlay-gradient":""},"tablet":{"background-color":"var(--ast-global-color-5)","background-image":"","background-repeat":"repeat","background-position":"center center","background-size":"auto","background-attachment":"scroll","background-type":"","background-media":"","overlay-type":"","overlay-color":"","overlay-gradient":""},"mobile":{"background-color":"var(--ast-global-color-5)","background-image":"","background-repeat":"repeat","background-position":"center center","background-size":"auto","background-attachment":"scroll","background-type":"","background-media":"","overlay-type":"","overlay-color":"","overlay-gradient":""}},"_kadence_starter_templates_imported_post":false,"footnotes":""},"class_list":["post-798","page","type-page","status-publish","hentry"],"_links":{"self":[{"href":"https:\/\/kritischer-kalender.de\/en\/wp-json\/wp\/v2\/pages\/798","targetHints":{"allow":["GET"]}}],"collection":[{"href":"https:\/\/kritischer-kalender.de\/en\/wp-json\/wp\/v2\/pages"}],"about":[{"href":"https:\/\/kritischer-kalender.de\/en\/wp-json\/wp\/v2\/types\/page"}],"author":[{"embeddable":true,"href":"https:\/\/kritischer-kalender.de\/en\/wp-json\/wp\/v2\/users\/1"}],"replies":[{"embeddable":true,"href":"https:\/\/kritischer-kalender.de\/en\/wp-json\/wp\/v2\/comments?post=798"}],"version-history":[{"count":2,"href":"https:\/\/kritischer-kalender.de\/en\/wp-json\/wp\/v2\/pages\/798\/revisions"}],"predecessor-version":[{"id":808,"href":"https:\/\/kritischer-kalender.de\/en\/wp-json\/wp\/v2\/pages\/798\/revisions\/808"}],"up":[{"embeddable":true,"href":"https:\/\/kritischer-kalender.de\/en\/wp-json\/wp\/v2\/pages\/8"}],"wp:attachment":[{"href":"https:\/\/kritischer-kalender.de\/en\/wp-json\/wp\/v2\/media?parent=798"}],"curies":[{"name":"wp","href":"https:\/\/api.w.org\/{rel}","templated":true}]}}